{"id":4756,"date":"2025-10-13T11:32:32","date_gmt":"2025-10-13T09:32:32","guid":{"rendered":"https:\/\/setava.vdizains.com\/product\/lyubov-svoboda-i-odinochestvo\/"},"modified":"2026-03-21T12:41:37","modified_gmt":"2026-03-21T10:41:37","slug":"lyubov-svoboda-i-odinochestvo","status":"publish","type":"product","link":"https:\/\/setava.vdizains.com\/ru\/product\/lyubov-svoboda-i-odinochestvo\/","title":{"rendered":"M\u012aLEST\u012aBA, BR\u012aV\u012aBA &#038; VIENPAT\u012aBA"},"content":{"rendered":"<p>\u041b\u044e\u0431\u043e\u0432\u044c \u2014 \u044d\u0442\u043e \u043b\u0435\u0441\u0442\u043d\u0438\u0446\u0430. \u041e\u043d\u0430 \u043d\u0430\u0447\u0438\u043d\u0430\u0435\u0442\u0441\u044f \u0441 \u043e\u0434\u043d\u043e\u0433\u043e \u0447\u0435\u043b\u043e\u0432\u0435\u043a\u0430, \u0430 \u0437\u0430\u043a\u0430\u043d\u0447\u0438\u0432\u0430\u0435\u0442\u0441\u044f \u0432\u0441\u0435\u043c. \u041b\u044e\u0431\u043e\u0432\u044c \u2014 \u044d\u0442\u043e \u043d\u0430\u0447\u0430\u043b\u043e, \u0430 \u043a\u043e\u043d\u0435\u0446 \u2014 \u044d\u0442\u043e \u0411\u043e\u0433. \u0411\u043e\u044f\u0442\u044c\u0441\u044f \u043b\u044e\u0431\u0432\u0438, \u0431\u043e\u044f\u0442\u044c\u0441\u044f \u0440\u0430\u0441\u0442\u0443\u0449\u0435\u0439 \u0431\u043e\u043b\u0438 \u043b\u044e\u0431\u0432\u0438 \u2014 \u0437\u043d\u0430\u0447\u0438\u0442 \u043e\u0441\u0442\u0430\u0432\u0430\u0442\u044c\u0441\u044f \u0437\u0430\u043f\u0435\u0440\u0442\u044b\u043c \u0432 \u0442\u0435\u043c\u043d\u043e\u0439 \u043a\u0435\u043b\u044c\u0435. \u041f\u0443\u0441\u0442\u044c \u0431\u0443\u0434\u0435\u0442 \u0431\u043e\u043b\u044c, \u043f\u0443\u0441\u0442\u044c \u0431\u0443\u0434\u0443\u0442 \u0441\u0442\u0440\u0430\u0434\u0430\u043d\u0438\u044f. \u041f\u0440\u043e\u0439\u0434\u0438\u0442\u0435 \u0441\u043a\u0432\u043e\u0437\u044c \u0442\u0435\u043c\u043d\u0443\u044e \u043d\u043e\u0447\u044c, \u0438 \u0432\u044b \u043f\u0440\u0438\u0434\u0435\u0442\u0435 \u043a \u043f\u0440\u0435\u043a\u0440\u0430\u0441\u043d\u043e\u043c\u0443 \u0440\u0430\u0441\u0441\u0432\u0435\u0442\u0443. <\/p>\n","protected":false},"excerpt":{"rendered":"<p>\u041d\u041e\u0412\u041e\u0415 \u0412\u0418\u0414\u0415\u041d\u0418\u0415 \u041e\u0422\u041d\u041e\u0428\u0415\u041d\u0418\u0419 (2-\u0435 \u0438\u0437\u0434\u0430\u043d\u0438\u0435)<\/p>\n","protected":false},"featured_media":4757,"comment_status":"closed","ping_status":"closed","template":"","meta":{"_acf_changed":false},"product_brand":[],"product_cat":[1650],"product_tag":[1683],"class_list":{"0":"post-4756","1":"product","2":"type-product","3":"status-publish","4":"has-post-thumbnail","6":"product_cat-knigi-setava","7":"product_tag-na-latyshskom-yazyke","8":"pa_autors-osho","9":"pa_iesejuma-veids-mikstie-vaki","11":"first","12":"outofstock","13":"taxable","14":"shipping-taxable","15":"purchasable","16":"product-type-simple"},"acf":[],"yoast_head":"<!-- This site is optimized with the Yoast SEO plugin v27.2 - https:\/\/yoast.com\/product\/yoast-seo-wordpress\/ -->\n<title>M\u012aLEST\u012aBA, BR\u012aV\u012aBA &amp; VIENPAT\u012aBA - Setava<\/title>\n<meta name=\"robots\" content=\"noindex, follow, max-snippet:-1, max-image-preview:large, max-video-preview:-1\" \/>\n<meta property=\"og:locale\" content=\"ru_RU\" \/>\n<meta property=\"og:type\" content=\"article\" \/>\n<meta property=\"og:title\" content=\"M\u012aLEST\u012aBA, BR\u012aV\u012aBA &amp; VIENPAT\u012aBA - Setava\" \/>\n<meta property=\"og:description\" content=\"\u041d\u041e\u0412\u041e\u0415 \u0412\u0418\u0414\u0415\u041d\u0418\u0415 \u041e\u0422\u041d\u041e\u0428\u0415\u041d\u0418\u0419 (2-\u0435 \u0438\u0437\u0434\u0430\u043d\u0438\u0435)\" \/>\n<meta property=\"og:url\" content=\"https:\/\/setava.vdizains.com\/ru\/product\/lyubov-svoboda-i-odinochestvo\/\" \/>\n<meta property=\"og:site_name\" content=\"Setava\" \/>\n<meta property=\"article:modified_time\" content=\"2026-03-21T10:41:37+00:00\" \/>\n<meta property=\"og:image\" content=\"https:\/\/setava.vdizains.com\/wp-content\/uploads\/2025\/10\/milestiba-briviba-vienpatiba.webp\" \/>\n\t<meta property=\"og:image:width\" content=\"281\" \/>\n\t<meta property=\"og:image:height\" content=\"480\" \/>\n\t<meta property=\"og:image:type\" content=\"image\/webp\" \/>\n<meta name=\"twitter:card\" content=\"summary_large_image\" \/>\n<script type=\"application\/ld+json\" class=\"yoast-schema-graph\">{\"@context\":\"https:\/\/schema.org\",\"@graph\":[{\"@type\":\"WebPage\",\"@id\":\"https:\/\/setava.vdizains.com\/ru\/product\/lyubov-svoboda-i-odinochestvo\/\",\"url\":\"https:\/\/setava.vdizains.com\/ru\/product\/lyubov-svoboda-i-odinochestvo\/\",\"name\":\"M\u012aLEST\u012aBA, BR\u012aV\u012aBA & VIENPAT\u012aBA - Setava\",\"isPartOf\":{\"@id\":\"https:\/\/setava.vdizains.com\/ru\/#website\"},\"primaryImageOfPage\":{\"@id\":\"https:\/\/setava.vdizains.com\/ru\/product\/lyubov-svoboda-i-odinochestvo\/#primaryimage\"},\"image\":{\"@id\":\"https:\/\/setava.vdizains.com\/ru\/product\/lyubov-svoboda-i-odinochestvo\/#primaryimage\"},\"thumbnailUrl\":\"https:\/\/setava.vdizains.com\/wp-content\/uploads\/2025\/10\/milestiba-briviba-vienpatiba.webp\",\"datePublished\":\"2025-10-13T09:32:32+00:00\",\"dateModified\":\"2026-03-21T10:41:37+00:00\",\"breadcrumb\":{\"@id\":\"https:\/\/setava.vdizains.com\/ru\/product\/lyubov-svoboda-i-odinochestvo\/#breadcrumb\"},\"inLanguage\":\"ru-RU\",\"potentialAction\":[{\"@type\":\"ReadAction\",\"target\":[\"https:\/\/setava.vdizains.com\/ru\/product\/lyubov-svoboda-i-odinochestvo\/\"]}]},{\"@type\":\"ImageObject\",\"inLanguage\":\"ru-RU\",\"@id\":\"https:\/\/setava.vdizains.com\/ru\/product\/lyubov-svoboda-i-odinochestvo\/#primaryimage\",\"url\":\"https:\/\/setava.vdizains.com\/wp-content\/uploads\/2025\/10\/milestiba-briviba-vienpatiba.webp\",\"contentUrl\":\"https:\/\/setava.vdizains.com\/wp-content\/uploads\/2025\/10\/milestiba-briviba-vienpatiba.webp\",\"width\":281,\"height\":480},{\"@type\":\"BreadcrumbList\",\"@id\":\"https:\/\/setava.vdizains.com\/ru\/product\/lyubov-svoboda-i-odinochestvo\/#breadcrumb\",\"itemListElement\":[{\"@type\":\"ListItem\",\"position\":1,\"name\":\"Home\",\"item\":\"https:\/\/setava.vdizains.com\/ru\/\"},{\"@type\":\"ListItem\",\"position\":2,\"name\":\"\u041c\u0430\u0433\u0430\u0437\u0438\u043d\",\"item\":\"https:\/\/setava.vdizains.com\/shop\/\"},{\"@type\":\"ListItem\",\"position\":3,\"name\":\"\u041b\u042e\u0411\u041e\u0412\u042c, \u0421\u0412\u041e\u0411\u041e\u0414\u0410 \u0418 \u041e\u0414\u0418\u041d\u041e\u0427\u0415\u0421\u0422\u0412\u041e\"}]},{\"@type\":\"WebSite\",\"@id\":\"https:\/\/setava.vdizains.com\/ru\/#website\",\"url\":\"https:\/\/setava.vdizains.com\/ru\/\",\"name\":\"Setava\",\"description\":\"Setava\",\"publisher\":{\"@id\":\"https:\/\/setava.vdizains.com\/ru\/#organization\"},\"potentialAction\":[{\"@type\":\"SearchAction\",\"target\":{\"@type\":\"EntryPoint\",\"urlTemplate\":\"https:\/\/setava.vdizains.com\/ru\/?s={search_term_string}\"},\"query-input\":{\"@type\":\"PropertyValueSpecification\",\"valueRequired\":true,\"valueName\":\"search_term_string\"}}],\"inLanguage\":\"ru-RU\"},{\"@type\":\"Organization\",\"@id\":\"https:\/\/setava.vdizains.com\/ru\/#organization\",\"name\":\"Setava\",\"url\":\"https:\/\/setava.vdizains.com\/ru\/\",\"logo\":{\"@type\":\"ImageObject\",\"inLanguage\":\"ru-RU\",\"@id\":\"https:\/\/setava.vdizains.com\/ru\/#\/schema\/logo\/image\/\",\"url\":\"https:\/\/setava.vdizains.com\/wp-content\/uploads\/2025\/10\/setava-logo-black-1.png\",\"contentUrl\":\"https:\/\/setava.vdizains.com\/wp-content\/uploads\/2025\/10\/setava-logo-black-1.png\",\"width\":787,\"height\":558,\"caption\":\"Setava\"},\"image\":{\"@id\":\"https:\/\/setava.vdizains.com\/ru\/#\/schema\/logo\/image\/\"}}]}<\/script>\n<!-- \/ Yoast SEO plugin. -->","yoast_head_json":{"title":"M\u012aLEST\u012aBA, BR\u012aV\u012aBA & VIENPAT\u012aBA - Setava","robots":{"index":"noindex","follow":"follow","max-snippet":"max-snippet:-1","max-image-preview":"max-image-preview:large","max-video-preview":"max-video-preview:-1"},"og_locale":"ru_RU","og_type":"article","og_title":"M\u012aLEST\u012aBA, BR\u012aV\u012aBA & VIENPAT\u012aBA - Setava","og_description":"\u041d\u041e\u0412\u041e\u0415 \u0412\u0418\u0414\u0415\u041d\u0418\u0415 \u041e\u0422\u041d\u041e\u0428\u0415\u041d\u0418\u0419 (2-\u0435 \u0438\u0437\u0434\u0430\u043d\u0438\u0435)","og_url":"https:\/\/setava.vdizains.com\/ru\/product\/lyubov-svoboda-i-odinochestvo\/","og_site_name":"Setava","article_modified_time":"2026-03-21T10:41:37+00:00","og_image":[{"width":281,"height":480,"url":"https:\/\/setava.vdizains.com\/wp-content\/uploads\/2025\/10\/milestiba-briviba-vienpatiba.webp","type":"image\/webp"}],"twitter_card":"summary_large_image","schema":{"@context":"https:\/\/schema.org","@graph":[{"@type":"WebPage","@id":"https:\/\/setava.vdizains.com\/ru\/product\/lyubov-svoboda-i-odinochestvo\/","url":"https:\/\/setava.vdizains.com\/ru\/product\/lyubov-svoboda-i-odinochestvo\/","name":"M\u012aLEST\u012aBA, BR\u012aV\u012aBA & VIENPAT\u012aBA - Setava","isPartOf":{"@id":"https:\/\/setava.vdizains.com\/ru\/#website"},"primaryImageOfPage":{"@id":"https:\/\/setava.vdizains.com\/ru\/product\/lyubov-svoboda-i-odinochestvo\/#primaryimage"},"image":{"@id":"https:\/\/setava.vdizains.com\/ru\/product\/lyubov-svoboda-i-odinochestvo\/#primaryimage"},"thumbnailUrl":"https:\/\/setava.vdizains.com\/wp-content\/uploads\/2025\/10\/milestiba-briviba-vienpatiba.webp","datePublished":"2025-10-13T09:32:32+00:00","dateModified":"2026-03-21T10:41:37+00:00","breadcrumb":{"@id":"https:\/\/setava.vdizains.com\/ru\/product\/lyubov-svoboda-i-odinochestvo\/#breadcrumb"},"inLanguage":"ru-RU","potentialAction":[{"@type":"ReadAction","target":["https:\/\/setava.vdizains.com\/ru\/product\/lyubov-svoboda-i-odinochestvo\/"]}]},{"@type":"ImageObject","inLanguage":"ru-RU","@id":"https:\/\/setava.vdizains.com\/ru\/product\/lyubov-svoboda-i-odinochestvo\/#primaryimage","url":"https:\/\/setava.vdizains.com\/wp-content\/uploads\/2025\/10\/milestiba-briviba-vienpatiba.webp","contentUrl":"https:\/\/setava.vdizains.com\/wp-content\/uploads\/2025\/10\/milestiba-briviba-vienpatiba.webp","width":281,"height":480},{"@type":"BreadcrumbList","@id":"https:\/\/setava.vdizains.com\/ru\/product\/lyubov-svoboda-i-odinochestvo\/#breadcrumb","itemListElement":[{"@type":"ListItem","position":1,"name":"Home","item":"https:\/\/setava.vdizains.com\/ru\/"},{"@type":"ListItem","position":2,"name":"\u041c\u0430\u0433\u0430\u0437\u0438\u043d","item":"https:\/\/setava.vdizains.com\/shop\/"},{"@type":"ListItem","position":3,"name":"\u041b\u042e\u0411\u041e\u0412\u042c, \u0421\u0412\u041e\u0411\u041e\u0414\u0410 \u0418 \u041e\u0414\u0418\u041d\u041e\u0427\u0415\u0421\u0422\u0412\u041e"}]},{"@type":"WebSite","@id":"https:\/\/setava.vdizains.com\/ru\/#website","url":"https:\/\/setava.vdizains.com\/ru\/","name":"Setava","description":"Setava","publisher":{"@id":"https:\/\/setava.vdizains.com\/ru\/#organization"},"potentialAction":[{"@type":"SearchAction","target":{"@type":"EntryPoint","urlTemplate":"https:\/\/setava.vdizains.com\/ru\/?s={search_term_string}"},"query-input":{"@type":"PropertyValueSpecification","valueRequired":true,"valueName":"search_term_string"}}],"inLanguage":"ru-RU"},{"@type":"Organization","@id":"https:\/\/setava.vdizains.com\/ru\/#organization","name":"Setava","url":"https:\/\/setava.vdizains.com\/ru\/","logo":{"@type":"ImageObject","inLanguage":"ru-RU","@id":"https:\/\/setava.vdizains.com\/ru\/#\/schema\/logo\/image\/","url":"https:\/\/setava.vdizains.com\/wp-content\/uploads\/2025\/10\/setava-logo-black-1.png","contentUrl":"https:\/\/setava.vdizains.com\/wp-content\/uploads\/2025\/10\/setava-logo-black-1.png","width":787,"height":558,"caption":"Setava"},"image":{"@id":"https:\/\/setava.vdizains.com\/ru\/#\/schema\/logo\/image\/"}}]}},"jetpack_sharing_enabled":true,"_links":{"self":[{"href":"https:\/\/setava.vdizains.com\/ru\/wp-json\/wp\/v2\/product\/4756","targetHints":{"allow":["GET"]}}],"collection":[{"href":"https:\/\/setava.vdizains.com\/ru\/wp-json\/wp\/v2\/product"}],"about":[{"href":"https:\/\/setava.vdizains.com\/ru\/wp-json\/wp\/v2\/types\/product"}],"replies":[{"embeddable":true,"href":"https:\/\/setava.vdizains.com\/ru\/wp-json\/wp\/v2\/comments?post=4756"}],"wp:featuredmedia":[{"embeddable":true,"href":"https:\/\/setava.vdizains.com\/ru\/wp-json\/wp\/v2\/media\/4757"}],"wp:attachment":[{"href":"https:\/\/setava.vdizains.com\/ru\/wp-json\/wp\/v2\/media?parent=4756"}],"wp:term":[{"taxonomy":"product_brand","embeddable":true,"href":"https:\/\/setava.vdizains.com\/ru\/wp-json\/wp\/v2\/product_brand?post=4756"},{"taxonomy":"product_cat","embeddable":true,"href":"https:\/\/setava.vdizains.com\/ru\/wp-json\/wp\/v2\/product_cat?post=4756"},{"taxonomy":"product_tag","embeddable":true,"href":"https:\/\/setava.vdizains.com\/ru\/wp-json\/wp\/v2\/product_tag?post=4756"}],"curies":[{"name":"wp","href":"https:\/\/api.w.org\/{rel}","templated":true}]}}