{"id":65,"date":"2025-09-30T09:07:16","date_gmt":"2025-09-30T07:07:16","guid":{"rendered":"https:\/\/setava.vdizains.com\/%d0%ba%d0%be%d1%80%d0%b7%d0%b8%d0%bd%d0%b0\/"},"modified":"2026-03-21T12:41:24","modified_gmt":"2026-03-21T10:41:24","slug":"korzina","status":"publish","type":"page","link":"https:\/\/setava.vdizains.com\/ru\/korzina\/","title":{"rendered":"\u041a\u043e\u0440\u0437\u0438\u043d\u0430"},"content":{"rendered":"\n<div data-block-name=\"woocommerce\/cart\" class=\"wp-block-woocommerce-cart alignwide is-loading\">\n<div data-block-name=\"woocommerce\/filled-cart-block\" class=\"wp-block-woocommerce-filled-cart-block\">\n<div data-block-name=\"woocommerce\/cart-items-block\" class=\"wp-block-woocommerce-cart-items-block\">\n<div data-block-name=\"woocommerce\/cart-line-items-block\" class=\"wp-block-woocommerce-cart-line-items-block\"><\/div>\n\n\n<\/div>\n\n\n\n<div data-block-name=\"woocommerce\/cart-totals-block\" class=\"wp-block-woocommerce-cart-totals-block\">\n<div data-block-name=\"woocommerce\/cart-order-summary-block\" class=\"wp-block-woocommerce-cart-order-summary-block\">\n<div data-block-name=\"woocommerce\/cart-order-summary-heading-block\" class=\"wp-block-woocommerce-cart-order-summary-heading-block\"><\/div>\n\n\n\n<div data-block-name=\"woocommerce\/cart-order-summary-coupon-form-block\" class=\"wp-block-woocommerce-cart-order-summary-coupon-form-block\"><\/div>\n\n\n\n<div data-block-name=\"woocommerce\/cart-order-summary-totals-block\" class=\"wp-block-woocommerce-cart-order-summary-totals-block\">\n<div data-block-name=\"woocommerce\/cart-order-summary-subtotal-block\" class=\"wp-block-woocommerce-cart-order-summary-subtotal-block\"><\/div>\n\n\n\n<div data-block-name=\"woocommerce\/cart-order-summary-fee-block\" class=\"wp-block-woocommerce-cart-order-summary-fee-block\"><\/div>\n\n\n\n<div data-block-name=\"woocommerce\/cart-order-summary-discount-block\" class=\"wp-block-woocommerce-cart-order-summary-discount-block\"><\/div>\n\n\n\n<div data-block-name=\"woocommerce\/cart-order-summary-shipping-block\" class=\"wp-block-woocommerce-cart-order-summary-shipping-block\"><\/div>\n\n\n\n<div data-block-name=\"woocommerce\/cart-order-summary-taxes-block\" class=\"wp-block-woocommerce-cart-order-summary-taxes-block\"><\/div>\n<\/div>\n<\/div>\n\n\n\n<div data-block-name=\"woocommerce\/cart-express-payment-block\" class=\"wp-block-woocommerce-cart-express-payment-block\"><\/div>\n\n\n\n<div data-block-name=\"woocommerce\/proceed-to-checkout-block\" class=\"wp-block-woocommerce-proceed-to-checkout-block\"><\/div>\n\n\n\n<div data-block-name=\"woocommerce\/cart-accepted-payment-methods-block\" class=\"wp-block-woocommerce-cart-accepted-payment-methods-block\"><\/div>\n<\/div>\n<\/div>\n\n\n\n<div data-block-name=\"woocommerce\/empty-cart-block\" class=\"wp-block-woocommerce-empty-cart-block\">\n<h2 class=\"wp-block-heading has-text-align-center with-empty-cart-icon wc-block-cart__empty-cart__title\">\u0412\u0430\u0448\u0430 \u043a\u043e\u0440\u0437\u0438\u043d\u0430 \u043f\u0443\u0441\u0442\u0430!<\/h2>\n\n\n\n<hr class=\"wp-block-separator has-alpha-channel-opacity is-style-dots\"\/>\n\n\n\n<h2 class=\"wp-block-heading has-text-align-center\">\u041d\u043e\u0432\u0438\u043d\u043a\u0438 \u0432 \u043c\u0430\u0433\u0430\u0437\u0438\u043d\u0435<\/h2>\n\n\n<div data-block-name=\"woocommerce\/product-new\" data-columns=\"4\" data-rows=\"1\" class=\"wc-block-grid wp-block-product-new wp-block-woocommerce-product-new wc-block-product-new has-4-columns\"><ul class=\"wc-block-grid__products\"><li class=\"wc-block-grid__product\">\n\t\t\t\t<a href=\"https:\/\/setava.vdizains.com\/ru\/product\/gramata-par-virieti-copy\/\" class=\"wc-block-grid__product-link\">\n\t\t\t\t\t\n\t\t\t\t\t<div class=\"wc-block-grid__product-image\"><img loading=\"lazy\" decoding=\"async\" width=\"273\" height=\"300\" src=\"https:\/\/setava.vdizains.com\/wp-content\/uploads\/2026\/03\/virieti-273x300.jpg\" class=\"attachment-woocommerce_thumbnail size-woocommerce_thumbnail\" alt=\"\u041a\u041d\u0418\u0413\u0410 \u041e \u041c\u0423\u0416\u0427\u0418\u041d\u0415 (\u0411\/\u0443)\" \/><\/div>\n\t\t\t\t\t<div class=\"wc-block-grid__product-title\">\u041a\u041d\u0418\u0413\u0410 \u041e \u041c\u0423\u0416\u0427\u0418\u041d\u0415 (\u0411\/\u0443)<\/div>\n\t\t\t\t<\/a>\n\t\t\t\t<div class=\"wc-block-grid__product-price price\"><span class=\"woocommerce-Price-amount amount\">5,00&nbsp;<span class=\"woocommerce-Price-currencySymbol\">&euro;<\/span><\/span><\/div>\n\t\t\t\t\n\t\t\t\t<div class=\"wp-block-button wc-block-grid__product-add-to-cart\"><a href=\"\/ru\/wp-json\/wp\/v2\/pages\/65?add-to-cart=6001\" aria-label=\"\u0414\u043e\u0431\u0430\u0432\u0438\u0442\u044c \u0432 \u043a\u043e\u0440\u0437\u0438\u043d\u0443 &ldquo;\u041a\u041d\u0418\u0413\u0410 \u041e \u041c\u0423\u0416\u0427\u0418\u041d\u0415 (\u0411\/\u0443)&rdquo;\" data-quantity=\"1\" data-product_id=\"6001\" data-product_sku=\"1106d99d9df8-107\" data-price=\"5\" rel=\"nofollow\" class=\"wp-block-button__link  add_to_cart_button ajax_add_to_cart\">\u0412 \u043a\u043e\u0440\u0437\u0438\u043d\u0443<\/a><\/div>\n\t\t\t<\/li><li class=\"wc-block-grid__product\">\n\t\t\t\t<a href=\"https:\/\/setava.vdizains.com\/ru\/product\/dlya-zaversheniya-vechera-copy\/\" class=\"wc-block-grid__product-link\">\n\t\t\t\t\t\n\t\t\t\t\t<div class=\"wc-block-grid__product-image\"><img loading=\"lazy\" decoding=\"async\" width=\"300\" height=\"300\" src=\"https:\/\/setava.vdizains.com\/wp-content\/uploads\/2025\/10\/vakara-izskanai-300x300.webp\" class=\"attachment-woocommerce_thumbnail size-woocommerce_thumbnail\" alt=\"\u0414\u041b\u042f \u0412\u0415\u0427\u0415\u0420\u041d\u0415\u0413\u041e \u0417\u0410\u0412\u0415\u0420\u0428\u0415\u041d\u0418\u042f (\u0411\/\u0443)\" srcset=\"https:\/\/setava.vdizains.com\/wp-content\/uploads\/2025\/10\/vakara-izskanai-300x300.webp 300w, https:\/\/setava.vdizains.com\/wp-content\/uploads\/2025\/10\/vakara-izskanai-150x150.webp 150w, https:\/\/setava.vdizains.com\/wp-content\/uploads\/2025\/10\/vakara-izskanai-100x100.webp 100w\" sizes=\"auto, (max-width: 300px) 100vw, 300px\" \/><\/div>\n\t\t\t\t\t<div class=\"wc-block-grid__product-title\">\u0414\u041b\u042f \u0412\u0415\u0427\u0415\u0420\u041d\u0415\u0413\u041e \u0417\u0410\u0412\u0415\u0420\u0428\u0415\u041d\u0418\u042f (\u0411\/\u0443)<\/div>\n\t\t\t\t<\/a>\n\t\t\t\t<div class=\"wc-block-grid__product-price price\"><span class=\"woocommerce-Price-amount amount\">6,00&nbsp;<span class=\"woocommerce-Price-currencySymbol\">&euro;<\/span><\/span><\/div>\n\t\t\t\t\n\t\t\t\t<div class=\"wp-block-button wc-block-grid__product-add-to-cart\"><a href=\"\/ru\/wp-json\/wp\/v2\/pages\/65?add-to-cart=5999\" aria-label=\"\u0414\u043e\u0431\u0430\u0432\u0438\u0442\u044c \u0432 \u043a\u043e\u0440\u0437\u0438\u043d\u0443 &ldquo;\u0414\u041b\u042f \u0412\u0415\u0427\u0415\u0420\u041d\u0415\u0413\u041e \u0417\u0410\u0412\u0415\u0420\u0428\u0415\u041d\u0418\u042f (\u0411\/\u0443)&rdquo;\" data-quantity=\"1\" data-product_id=\"5999\" data-product_sku=\"4f87634e14e0-1\" data-price=\"6\" rel=\"nofollow\" class=\"wp-block-button__link  add_to_cart_button ajax_add_to_cart\">\u0412 \u043a\u043e\u0440\u0437\u0438\u043d\u0443<\/a><\/div>\n\t\t\t<\/li><li class=\"wc-block-grid__product\">\n\t\t\t\t<a href=\"https:\/\/setava.vdizains.com\/ru\/product\/vsyo-dryan\/\" class=\"wc-block-grid__product-link\">\n\t\t\t\t\t\n\t\t\t\t\t<div class=\"wc-block-grid__product-image\"><img loading=\"lazy\" decoding=\"async\" width=\"300\" height=\"300\" src=\"https:\/\/setava.vdizains.com\/wp-content\/uploads\/2025\/10\/viss-ir-drankigi-300x300.jpg\" class=\"attachment-woocommerce_thumbnail size-woocommerce_thumbnail\" alt=\"VISS IR DRA\u0145\u0136\u012aGI\" srcset=\"https:\/\/setava.vdizains.com\/wp-content\/uploads\/2025\/10\/viss-ir-drankigi-300x300.jpg 300w, https:\/\/setava.vdizains.com\/wp-content\/uploads\/2025\/10\/viss-ir-drankigi-150x150.jpg 150w, https:\/\/setava.vdizains.com\/wp-content\/uploads\/2025\/10\/viss-ir-drankigi-100x100.jpg 100w\" sizes=\"auto, (max-width: 300px) 100vw, 300px\" \/><\/div>\n\t\t\t\t\t<div class=\"wc-block-grid__product-title\">VISS IR DRA\u0145\u0136\u012aGI<\/div>\n\t\t\t\t<\/a>\n\t\t\t\t<div class=\"wc-block-grid__product-price price\"><span class=\"woocommerce-Price-amount amount\">17,00&nbsp;<span class=\"woocommerce-Price-currencySymbol\">&euro;<\/span><\/span><\/div>\n\t\t\t\t\n\t\t\t\t<div class=\"wp-block-button wc-block-grid__product-add-to-cart\"><a href=\"https:\/\/setava.vdizains.com\/ru\/product\/vsyo-dryan\/\" aria-label=\"\u041f\u0440\u043e\u0447\u0438\u0442\u0430\u0439\u0442\u0435 \u0431\u043e\u043b\u044c\u0448\u0435 \u043e &ldquo;VISS IR DRA\u0145\u0136\u012aGI&rdquo;\" data-quantity=\"1\" data-product_id=\"4720\" data-product_sku=\"1b3ab1db85f7-1\" data-price=\"17\" rel=\"nofollow\" class=\"wp-block-button__link  add_to_cart_button\">\u041f\u0440\u043e\u0441\u043c\u043e\u0442\u0440\u0435\u0442\u044c \u0442\u043e\u0432\u0430\u0440<\/a><\/div>\n\t\t\t<\/li><li class=\"wc-block-grid__product\">\n\t\t\t\t<a href=\"https:\/\/setava.vdizains.com\/ru\/product\/taro-epohi-vodoleya-79-kart-kniga-s-komentariyami\/\" class=\"wc-block-grid__product-link\">\n\t\t\t\t\t\n\t\t\t\t\t<div class=\"wc-block-grid__product-image\"><img loading=\"lazy\" decoding=\"async\" width=\"190\" height=\"240\" src=\"https:\/\/setava.vdizains.com\/wp-content\/uploads\/2025\/10\/k9.webp\" class=\"attachment-woocommerce_thumbnail size-woocommerce_thumbnail\" alt=\"\u0422\u0430\u0440\u043e \u044d\u043f\u043e\u0445\u0438 \u0412\u043e\u0434\u043e\u043b\u0435\u044f (79 \u043a\u0430\u0440\u0442 + \u043a\u043d\u0438\u0433\u0430 \u0441 \u043a\u043e\u043c\u0435\u043d\u0442\u0430\u0440\u0438\u044f\u043c\u0438)\" \/><\/div>\n\t\t\t\t\t<div class=\"wc-block-grid__product-title\">\u0422\u0430\u0440\u043e \u044d\u043f\u043e\u0445\u0438 \u0412\u043e\u0434\u043e\u043b\u0435\u044f (79 \u043a\u0430\u0440\u0442 + \u043a\u043d\u0438\u0433\u0430 \u0441 \u043a\u043e\u043c\u0435\u043d\u0442\u0430\u0440\u0438\u044f\u043c\u0438)<\/div>\n\t\t\t\t<\/a>\n\t\t\t\t<div class=\"wc-block-grid__product-price price\"><span class=\"woocommerce-Price-amount amount\">6,00&nbsp;<span class=\"woocommerce-Price-currencySymbol\">&euro;<\/span><\/span><\/div>\n\t\t\t\t\n\t\t\t\t<div class=\"wp-block-button wc-block-grid__product-add-to-cart\"><a href=\"\/ru\/wp-json\/wp\/v2\/pages\/65?add-to-cart=4667\" aria-label=\"\u0414\u043e\u0431\u0430\u0432\u0438\u0442\u044c \u0432 \u043a\u043e\u0440\u0437\u0438\u043d\u0443 &ldquo;\u0422\u0430\u0440\u043e \u044d\u043f\u043e\u0445\u0438 \u0412\u043e\u0434\u043e\u043b\u0435\u044f (79 \u043a\u0430\u0440\u0442 + \u043a\u043d\u0438\u0433\u0430 \u0441 \u043a\u043e\u043c\u0435\u043d\u0442\u0430\u0440\u0438\u044f\u043c\u0438)&rdquo;\" data-quantity=\"1\" data-product_id=\"4667\" data-product_sku=\"60173f6d91d1\" data-price=\"6\" rel=\"nofollow\" class=\"wp-block-button__link  add_to_cart_button ajax_add_to_cart\">\u0412 \u043a\u043e\u0440\u0437\u0438\u043d\u0443<\/a><\/div>\n\t\t\t<\/li><\/ul><\/div><\/div>\n<\/div>\n","protected":false},"excerpt":{"rendered":"","protected":false},"author":1,"featured_media":0,"parent":0,"menu_order":0,"comment_status":"closed","ping_status":"closed","template":"page-cart.php","meta":{"_acf_changed":false,"footnotes":""},"class_list":["post-65","page","type-page","status-publish","hentry"],"acf":[],"yoast_head":"<!-- This site is optimized with the Yoast SEO plugin v27.2 - https:\/\/yoast.com\/product\/yoast-seo-wordpress\/ -->\n<title>\u041a\u043e\u0440\u0437\u0438\u043d\u0430 - Setava<\/title>\n<meta name=\"robots\" content=\"noindex, follow, max-snippet:-1, max-image-preview:large, max-video-preview:-1\" \/>\n<meta property=\"og:locale\" content=\"ru_RU\" \/>\n<meta property=\"og:type\" content=\"article\" \/>\n<meta property=\"og:title\" content=\"\u041a\u043e\u0440\u0437\u0438\u043d\u0430 - Setava\" \/>\n<meta property=\"og:url\" content=\"https:\/\/setava.vdizains.com\/ru\/korzina\/\" \/>\n<meta property=\"og:site_name\" content=\"Setava\" \/>\n<meta property=\"article:modified_time\" content=\"2026-03-21T10:41:24+00:00\" \/>\n<meta name=\"twitter:card\" content=\"summary_large_image\" \/>\n<script type=\"application\/ld+json\" class=\"yoast-schema-graph\">{\"@context\":\"https:\/\/schema.org\",\"@graph\":[{\"@type\":\"WebPage\",\"@id\":\"https:\/\/setava.vdizains.com\/ru\/korzina\/\",\"url\":\"https:\/\/setava.vdizains.com\/ru\/korzina\/\",\"name\":\"\u041a\u043e\u0440\u0437\u0438\u043d\u0430 - Setava\",\"isPartOf\":{\"@id\":\"https:\/\/setava.vdizains.com\/ru\/#website\"},\"datePublished\":\"2025-09-30T07:07:16+00:00\",\"dateModified\":\"2026-03-21T10:41:24+00:00\",\"breadcrumb\":{\"@id\":\"https:\/\/setava.vdizains.com\/ru\/korzina\/#breadcrumb\"},\"inLanguage\":\"ru-RU\",\"potentialAction\":[{\"@type\":\"ReadAction\",\"target\":[\"https:\/\/setava.vdizains.com\/ru\/korzina\/\"]}]},{\"@type\":\"BreadcrumbList\",\"@id\":\"https:\/\/setava.vdizains.com\/ru\/korzina\/#breadcrumb\",\"itemListElement\":[{\"@type\":\"ListItem\",\"position\":1,\"name\":\"Home\",\"item\":\"https:\/\/setava.vdizains.com\/ru\/\"},{\"@type\":\"ListItem\",\"position\":2,\"name\":\"\u041a\u043e\u0440\u0437\u0438\u043d\u0430\"}]},{\"@type\":\"WebSite\",\"@id\":\"https:\/\/setava.vdizains.com\/ru\/#website\",\"url\":\"https:\/\/setava.vdizains.com\/ru\/\",\"name\":\"Setava\",\"description\":\"Setava\",\"publisher\":{\"@id\":\"https:\/\/setava.vdizains.com\/ru\/#organization\"},\"potentialAction\":[{\"@type\":\"SearchAction\",\"target\":{\"@type\":\"EntryPoint\",\"urlTemplate\":\"https:\/\/setava.vdizains.com\/ru\/?s={search_term_string}\"},\"query-input\":{\"@type\":\"PropertyValueSpecification\",\"valueRequired\":true,\"valueName\":\"search_term_string\"}}],\"inLanguage\":\"ru-RU\"},{\"@type\":\"Organization\",\"@id\":\"https:\/\/setava.vdizains.com\/ru\/#organization\",\"name\":\"Setava\",\"url\":\"https:\/\/setava.vdizains.com\/ru\/\",\"logo\":{\"@type\":\"ImageObject\",\"inLanguage\":\"ru-RU\",\"@id\":\"https:\/\/setava.vdizains.com\/ru\/#\/schema\/logo\/image\/\",\"url\":\"https:\/\/setava.vdizains.com\/wp-content\/uploads\/2025\/10\/setava-logo-black-1.png\",\"contentUrl\":\"https:\/\/setava.vdizains.com\/wp-content\/uploads\/2025\/10\/setava-logo-black-1.png\",\"width\":787,\"height\":558,\"caption\":\"Setava\"},\"image\":{\"@id\":\"https:\/\/setava.vdizains.com\/ru\/#\/schema\/logo\/image\/\"}}]}<\/script>\n<!-- \/ Yoast SEO plugin. -->","yoast_head_json":{"title":"\u041a\u043e\u0440\u0437\u0438\u043d\u0430 - Setava","robots":{"index":"noindex","follow":"follow","max-snippet":"max-snippet:-1","max-image-preview":"max-image-preview:large","max-video-preview":"max-video-preview:-1"},"og_locale":"ru_RU","og_type":"article","og_title":"\u041a\u043e\u0440\u0437\u0438\u043d\u0430 - Setava","og_url":"https:\/\/setava.vdizains.com\/ru\/korzina\/","og_site_name":"Setava","article_modified_time":"2026-03-21T10:41:24+00:00","twitter_card":"summary_large_image","schema":{"@context":"https:\/\/schema.org","@graph":[{"@type":"WebPage","@id":"https:\/\/setava.vdizains.com\/ru\/korzina\/","url":"https:\/\/setava.vdizains.com\/ru\/korzina\/","name":"\u041a\u043e\u0440\u0437\u0438\u043d\u0430 - Setava","isPartOf":{"@id":"https:\/\/setava.vdizains.com\/ru\/#website"},"datePublished":"2025-09-30T07:07:16+00:00","dateModified":"2026-03-21T10:41:24+00:00","breadcrumb":{"@id":"https:\/\/setava.vdizains.com\/ru\/korzina\/#breadcrumb"},"inLanguage":"ru-RU","potentialAction":[{"@type":"ReadAction","target":["https:\/\/setava.vdizains.com\/ru\/korzina\/"]}]},{"@type":"BreadcrumbList","@id":"https:\/\/setava.vdizains.com\/ru\/korzina\/#breadcrumb","itemListElement":[{"@type":"ListItem","position":1,"name":"Home","item":"https:\/\/setava.vdizains.com\/ru\/"},{"@type":"ListItem","position":2,"name":"\u041a\u043e\u0440\u0437\u0438\u043d\u0430"}]},{"@type":"WebSite","@id":"https:\/\/setava.vdizains.com\/ru\/#website","url":"https:\/\/setava.vdizains.com\/ru\/","name":"Setava","description":"Setava","publisher":{"@id":"https:\/\/setava.vdizains.com\/ru\/#organization"},"potentialAction":[{"@type":"SearchAction","target":{"@type":"EntryPoint","urlTemplate":"https:\/\/setava.vdizains.com\/ru\/?s={search_term_string}"},"query-input":{"@type":"PropertyValueSpecification","valueRequired":true,"valueName":"search_term_string"}}],"inLanguage":"ru-RU"},{"@type":"Organization","@id":"https:\/\/setava.vdizains.com\/ru\/#organization","name":"Setava","url":"https:\/\/setava.vdizains.com\/ru\/","logo":{"@type":"ImageObject","inLanguage":"ru-RU","@id":"https:\/\/setava.vdizains.com\/ru\/#\/schema\/logo\/image\/","url":"https:\/\/setava.vdizains.com\/wp-content\/uploads\/2025\/10\/setava-logo-black-1.png","contentUrl":"https:\/\/setava.vdizains.com\/wp-content\/uploads\/2025\/10\/setava-logo-black-1.png","width":787,"height":558,"caption":"Setava"},"image":{"@id":"https:\/\/setava.vdizains.com\/ru\/#\/schema\/logo\/image\/"}}]}},"jetpack_sharing_enabled":true,"_links":{"self":[{"href":"https:\/\/setava.vdizains.com\/ru\/wp-json\/wp\/v2\/pages\/65","targetHints":{"allow":["GET"]}}],"collection":[{"href":"https:\/\/setava.vdizains.com\/ru\/wp-json\/wp\/v2\/pages"}],"about":[{"href":"https:\/\/setava.vdizains.com\/ru\/wp-json\/wp\/v2\/types\/page"}],"author":[{"embeddable":true,"href":"https:\/\/setava.vdizains.com\/ru\/wp-json\/wp\/v2\/users\/1"}],"replies":[{"embeddable":true,"href":"https:\/\/setava.vdizains.com\/ru\/wp-json\/wp\/v2\/comments?post=65"}],"version-history":[{"count":2,"href":"https:\/\/setava.vdizains.com\/ru\/wp-json\/wp\/v2\/pages\/65\/revisions"}],"predecessor-version":[{"id":5192,"href":"https:\/\/setava.vdizains.com\/ru\/wp-json\/wp\/v2\/pages\/65\/revisions\/5192"}],"wp:attachment":[{"href":"https:\/\/setava.vdizains.com\/ru\/wp-json\/wp\/v2\/media?parent=65"}],"curies":[{"name":"wp","href":"https:\/\/api.w.org\/{rel}","templated":true}]}}